{"id":101815,"date":"2024-04-15T20:01:25","date_gmt":"2024-04-15T17:01:25","guid":{"rendered":"https:\/\/d.theintegralinstitute.com\/?page_id=101815"},"modified":"2025-06-26T21:23:41","modified_gmt":"2025-06-26T18:23:41","slug":"contact-us","status":"publish","type":"page","link":"https:\/\/theintegralinstitute.com\/en\/contact-us\/","title":{"rendered":"Contact Us"},"content":{"rendered":"<p><div class=\"et_d4_element et_pb_section et_pb_section_0 et_pb_with_background  et_pb_css_mix_blend_mode et_section_regular et_block_section\" >\n\t\t\t\t\n\t\t\t\t\n\t\t\t\t\n\t\t\t\t\n\t\t\t\t\n\t\t\t\t\n\t\t\t\t<div class=\"et_d4_element et_pb_row et_pb_row_0  et_pb_css_mix_blend_mode et_block_row\">\n\t\t\t\t<div class=\"et_d4_element et_pb_column_2_5 et_pb_column et_pb_column_0  et_pb_css_mix_blend_mode et_block_column\">\n\t\t\t\t\n\t\t\t\t\n\t\t\t\t\n\t\t\t\t\n\t\t\t\t<div class=\"et_pb_module et_d4_element et_pb_text et_pb_text_0  et_pb_text_align_left et_pb_bg_layout_light\">\n\t\t\t\t\n\t\t\t\t\n\t\t\t\t\n\t\t\t\t\n\t\t\t\t<div class=\"et_pb_text_inner\"><h1 id=\"contact-us\">Contact Us<\/h1><\/div>\n\t\t\t<\/div><div class=\"et_pb_module et_d4_element et_pb_blurb et_pb_blurb_0  et_pb_text_align_left  et_pb_blurb_position_left et_block_module et_pb_bg_layout_light\">\n\t\t\t\t\n\t\t\t\t\n\t\t\t\t\n\t\t\t\t\n\t\t\t\t<div class=\"et_pb_blurb_content\">\n\t\t\t\t\t<div class=\"et_pb_main_blurb_image et_pb_css_mix_blend_mode\"><span class=\"et_pb_image_wrap\"><span class=\"et-waypoint et_pb_animation_top et_pb_animation_top_tablet et_pb_animation_top_phone et-pb-icon\">\uf879<\/span><\/span><\/div>\n\t\t\t\t\t<div class=\"et_pb_blurb_container\">\n\t\t\t\t\t\t\n\t\t\t\t\t\t<div class=\"et_pb_blurb_description\"><h3 id=\"90-552-736-36-17\">90 552 736 36 17<\/h3><\/div>\n\t\t\t\t\t<\/div>\n\t\t\t\t<\/div>\n\t\t\t<\/div><div class=\"et_pb_module et_d4_element et_pb_blurb et_pb_blurb_1  et_pb_text_align_left  et_pb_blurb_position_left et_block_module et_pb_bg_layout_light\">\n\t\t\t\t\n\t\t\t\t\n\t\t\t\t\n\t\t\t\t\n\t\t\t\t<div class=\"et_pb_blurb_content\">\n\t\t\t\t\t<div class=\"et_pb_main_blurb_image et_pb_css_mix_blend_mode\"><span class=\"et_pb_image_wrap\"><span class=\"et-waypoint et_pb_animation_top et_pb_animation_top_tablet et_pb_animation_top_phone et-pb-icon\">\uf0e0<\/span><\/span><\/div>\n\t\t\t\t\t<div class=\"et_pb_blurb_container\">\n\t\t\t\t\t\t\n\t\t\t\t\t\t<div class=\"et_pb_blurb_description\"><a href=\"mailto:info@theintegralinstitute.com\">info@theintegralinstitute.com<\/a><\/div>\n\t\t\t\t\t<\/div>\n\t\t\t\t<\/div>\n\t\t\t<\/div><div class=\"et_pb_module et_d4_element et_pb_blurb et_pb_blurb_2  et_pb_text_align_left  et_pb_blurb_position_left et_block_module et_pb_bg_layout_light\">\n\t\t\t\t\n\t\t\t\t\n\t\t\t\t\n\t\t\t\t\n\t\t\t\t<div class=\"et_pb_blurb_content\">\n\t\t\t\t\t<div class=\"et_pb_main_blurb_image et_pb_css_mix_blend_mode\"><span class=\"et_pb_image_wrap\"><span class=\"et-waypoint et_pb_animation_top et_pb_animation_top_tablet et_pb_animation_top_phone et-pb-icon\">\ue081<\/span><\/span><\/div>\n\t\t\t\t\t<div class=\"et_pb_blurb_container\">\n\t\t\t\t\t\t<h4 id=\"address\"><span>Address<\/span><\/h4>\n\t\t\t\t\t\t<div class=\"et_pb_blurb_description\"><p>Nispetiye Mah. Ayd\u0131n Sokak No 2 Kat 4 Daire 10 Ayd\u0131n \u0130\u015fmerkezi<br \/>Levent Be\u015fikta\u015f<strong> \u0130stanbul T\u00fcrkiye<\/strong><\/p><\/div>\n\t\t\t\t\t<\/div>\n\t\t\t\t<\/div>\n\t\t\t<\/div><ul class=\"et_pb_module et_d4_element et_pb_social_media_follow et_pb_social_media_follow_0 clearfix  et_pb_text_align_left et_pb_bg_layout_light\">\n\t\t\t\t\n\t\t\t\t\n\t\t\t\t\n\t\t\t\t\n\t\t\t\t<li\n            class='et_d4_element et_pb_social_media_follow_network_0 et_pb_social_icon et_block_module et_pb_social_network_link  et-social-instagram et_pb_social_media_follow_network'><a href=\"https:\/\/www.instagram.com\/theintegralinstitute\/\" class=\"icon et_pb_with_border\" title=\"Follow on Instagram\" target=\"_blank\" rel=\"noopener\"><span\n                class='et_pb_social_media_follow_network_name'\n                aria-hidden='true'\n                >Follow<\/span><\/a><\/li><li\n            class='et_d4_element et_pb_social_media_follow_network_1 et_pb_social_icon et_block_module et_pb_social_network_link  et-social-linkedin et_pb_social_media_follow_network'><a href=\"https:\/\/tr.linkedin.com\/company\/the-integral-institute\" class=\"icon et_pb_with_border\" title=\"Follow on LinkedIn\" target=\"_blank\" rel=\"noopener\"><span\n                class='et_pb_social_media_follow_network_name'\n                aria-hidden='true'\n                >Follow<\/span><\/a><\/li><li\n            class='et_d4_element et_pb_social_media_follow_network_2 et_pb_social_icon et_block_module et_pb_social_network_link  et-social-youtube et_pb_social_media_follow_network'><a href=\"https:\/\/www.youtube.com\/channel\/UCeg7jnMeBIDrxVctz91PIAg\" class=\"icon et_pb_with_border\" title=\"Follow on Youtube\" target=\"_blank\" rel=\"noopener\"><span\n                class='et_pb_social_media_follow_network_name'\n                aria-hidden='true'\n                >Follow<\/span><\/a><\/li><li\n            class='et_d4_element et_pb_social_media_follow_network_3 et_pb_social_icon et_block_module et_pb_social_network_link  et-social-facebook et_pb_social_media_follow_network'><a href=\"https:\/\/www.facebook.com\/theintegralinstitute\/\" class=\"icon et_pb_with_border\" title=\"Follow on Facebook\" target=\"_blank\" rel=\"noopener\"><span\n                class='et_pb_social_media_follow_network_name'\n                aria-hidden='true'\n                >Follow<\/span><\/a><\/li><li\n            class='et_d4_element et_pb_social_media_follow_network_4 et_pb_social_icon et_block_module et_pb_social_network_link  et-social-whatsapp et-pb-social-fa-icon et_pb_social_media_follow_network'><a href=\"https:\/\/wa.me\/905527363617\" class=\"icon et_pb_with_border\" title=\"Follow on WhatsApp\" target=\"_blank\" rel=\"noopener\"><span\n                class='et_pb_social_media_follow_network_name'\n                aria-hidden='true'\n                >Follow<\/span><\/a><\/li>\n\t\t\t<\/ul>\n\t\t\t<\/div><div class=\"et_d4_element et_pb_column_3_5 et_pb_column et_pb_column_1  et_pb_css_mix_blend_mode et-last-child et_block_column\">\n\t\t\t\t\n\t\t\t\t\n\t\t\t\t\n\t\t\t\t\n\t\t\t\t\n\t\t\t<div id=\"et_pb_contact_form_0\" class=\"et_pb_module et_d4_element et_pb_contact_form_0 et_pb_contact_form_container clearfix et_block_module\" data-form_unique_num=\"0\" data-form_unique_id=\"71cb9872-3fc0-48a8-9d16-8e971d488039\">\n\t\t\t\t\n\t\t\t\t\n\t\t\t\t\n\t\t\t\t\n\t\t\t\t\n\t\t\t\t<div class=\"et-pb-contact-message\"><\/div>\n\t\t\t\t\n\t\t\t\t<div class=\"et_pb_contact\">\n\t\t\t\t\t<form class=\"et_pb_contact_form clearfix\" method=\"post\" action=\"https:\/\/theintegralinstitute.com\/en\/wp-json\/wp\/v2\/pages\/101815\">\n\t\t\t\t\t\t<p class=\"et_d4_element et_pb_contact_field et_pb_contact_field_0 et_pb_contact_field_half\" data-id=\"name\" data-type=\"input\">\n\t\t\t\t\n\t\t\t\t\n\t\t\t\t\n\t\t\t\t\n\t\t\t\t<label for=\"et_pb_contact_name_0\" class=\"et_pb_contact_form_label\">Name Surname<\/label>\n\t\t\t\t<input type=\"text\" id=\"et_pb_contact_name_0\" class=\"input\" value=\"\" name=\"et_pb_contact_name_0\" data-required_mark=\"required\" data-field_type=\"input\" data-original_id=\"name\" placeholder=\"Name Surname\">\n\t\t\t<\/p><p class=\"et_d4_element et_pb_contact_field et_pb_contact_field_1 et_pb_contact_field_half et_pb_contact_field_last\" data-id=\"email\" data-type=\"email\">\n\t\t\t\t\n\t\t\t\t\n\t\t\t\t\n\t\t\t\t\n\t\t\t\t<label for=\"et_pb_contact_email_0\" class=\"et_pb_contact_form_label\">E-Mail<\/label>\n\t\t\t\t<input type=\"text\" id=\"et_pb_contact_email_0\" class=\"input\" value=\"\" name=\"et_pb_contact_email_0\" data-required_mark=\"required\" data-field_type=\"email\" data-original_id=\"email\" placeholder=\"E-Mail\">\n\t\t\t<\/p><p class=\"et_d4_element et_pb_contact_field et_pb_contact_field_2 et_pb_contact_field_half\" data-id=\"ulke\" data-type=\"input\">\n\t\t\t\t\n\t\t\t\t\n\t\t\t\t\n\t\t\t\t\n\t\t\t\t<label for=\"et_pb_contact_ulke_0\" class=\"et_pb_contact_form_label\">Country<\/label>\n\t\t\t\t<input type=\"text\" id=\"et_pb_contact_ulke_0\" class=\"input\" value=\"\" name=\"et_pb_contact_ulke_0\" data-required_mark=\"required\" data-field_type=\"input\" data-original_id=\"ulke\" placeholder=\"Country\">\n\t\t\t<\/p><p class=\"et_d4_element et_pb_contact_field et_pb_contact_field_3 et_pb_contact_field_half et_pb_contact_field_last\" data-id=\"tel\" data-type=\"input\">\n\t\t\t\t\n\t\t\t\t\n\t\t\t\t\n\t\t\t\t\n\t\t\t\t<label for=\"et_pb_contact_tel_0\" class=\"et_pb_contact_form_label\">Phone<\/label>\n\t\t\t\t<input type=\"text\" id=\"et_pb_contact_tel_0\" class=\"input\" value=\"\" name=\"et_pb_contact_tel_0\" data-required_mark=\"required\" data-field_type=\"input\" data-original_id=\"tel\" placeholder=\"Phone\">\n\t\t\t<\/p><p class=\"et_d4_element et_pb_contact_field et_pb_contact_field_4 et_pb_contact_field_half\" data-id=\"nereden\" data-type=\"select\">\n\t\t\t\t\n\t\t\t\t\n\t\t\t\t\n\t\t\t\t\n\t\t\t\t<label for=\"et_pb_contact_nereden_0\" class=\"et_pb_contact_form_label\">Where Did You Hear About Us?<\/label>\n\t\t\t\t<select id=\"et_pb_contact_nereden_0\" class=\"et_pb_contact_select input\" name=\"et_pb_contact_nereden_0\" data-required_mark=\"required\" data-field_type=\"select\" data-original_id=\"nereden\">\n\t\t\t\t\t\t<option value=\"\">Where Did You Hear About Us?<\/option><option value=\"Instagram\">Instagram<\/option><option value=\"Linkedin\">Linkedin<\/option><option value=\"Google\">Google<\/option><option value=\"Di\u011fer\">Di\u011fer<\/option><option value=\"\"><\/option>\n\t\t\t\t\t<\/select>\n\t\t\t<\/p><p class=\"et_d4_element et_pb_contact_field et_pb_contact_field_5 et_pb_contact_field_half et_pb_contact_field_last\" data-id=\"program\" data-type=\"select\">\n\t\t\t\t\n\t\t\t\t\n\t\t\t\t\n\t\t\t\t\n\t\t\t\t<label for=\"et_pb_contact_program_0\" class=\"et_pb_contact_form_label\">Which Program Are You Interested In?<\/label>\n\t\t\t\t<select id=\"et_pb_contact_program_0\" class=\"et_pb_contact_select input\" name=\"et_pb_contact_program_0\" data-required_mark=\"required\" data-field_type=\"select\" data-original_id=\"program\">\n\t\t\t\t\t\t<option value=\"\">Which Program Are You Interested In?<\/option><option value=\"Integral Leadership\">Integral Leadership<\/option><option value=\"Integral Team\">Integral Team<\/option><option value=\"Integral Coaching\">Integral Coaching<\/option><option value=\"Integral Programs\">Integral Programs<\/option><option value=\"Integral Workshops\">Integral Workshops<\/option><option value=\"Integral Assessments\">Integral Assessments<\/option><option value=\"Integral Mentoring\">Integral Mentoring<\/option>\n\t\t\t\t\t<\/select>\n\t\t\t<\/p><p class=\"et_d4_element et_pb_contact_field et_pb_contact_field_6 et_pb_contact_field_last\" data-id=\"message\" data-type=\"text\">\n\t\t\t\t\n\t\t\t\t\n\t\t\t\t\n\t\t\t\t\n\t\t\t\t<label for=\"et_pb_contact_message_0\" class=\"et_pb_contact_form_label\">Your Message<\/label>\n\t\t\t\t<textarea name=\"et_pb_contact_message_0\" id=\"et_pb_contact_message_0\" class=\"et_pb_contact_message input\" data-required_mark=\"required\" data-field_type=\"text\" data-original_id=\"message\" placeholder=\"Your Message\"><\/textarea>\n\t\t\t<\/p><p class=\"et_d4_element et_pb_contact_field et_pb_contact_field_7 et_pb_contact_field_last\" data-id=\"newsletter\" data-type=\"radio\">\n\t\t\t\t\n\t\t\t\t\n\t\t\t\t\n\t\t\t\t\n\t\t\t\t<label for=\"et_pb_contact_newsletter_0\" class=\"et_pb_contact_form_label\">Newsletter<\/label>\n\t\t\t\t<span class=\"et_pb_contact_field_options_wrapper\">\n\t\t\t\t\t\t<span class=\"et_pb_contact_field_options_title\">Newsletter<\/span>\n\t\t\t\t\t\t<span class=\"et_pb_contact_field_options_list\"><span class=\"et_pb_contact_field_radio\">\n\t\t\t\t\t\t\t\t<input type=\"radio\" id=\"et_pb_contact_newsletter_0_7_0\" class=\"input\" value=\"I want to be informed about announcements\" name=\"et_pb_contact_newsletter_0\" data-required_mark=\"not_required\" data-field_type=\"radio\" data-original_id=\"newsletter\"  data-id=\"-1\">\n\t\t\t\t\t\t\t\t<label for=\"et_pb_contact_newsletter_0_7_0\"><i><\/i>I want to be informed about announcements<\/label>\n\t\t\t\t\t\t\t<\/span><\/span>\n\t\t\t\t\t<\/span>\n\t\t\t<\/p>\n\t\t\t\t\t\t<input type=\"hidden\" value=\"et_contact_proccess\" name=\"et_pb_contactform_submit_0\"\/>\n\t\t\t\t\t\t<div class=\"et_contact_bottom_container\">\n\t\t\t\t\t\t\t\n\t\t\t<div class=\"et_pb_contact_right et_pb_contact_field\">\n\t\t\t\t<p class=\"clearfix\">\n\t\t\t\t\t<span class=\"et_pb_contact_captcha_question\">11 + 14<\/span> = <input type=\"text\" size=\"2\" class=\"input et_pb_contact_captcha\" data-first_digit=\"11\" data-second_digit=\"14\" value=\"\" name=\"et_pb_contact_captcha_0\" data-required_mark=\"required\" autocomplete=\"off\">\n\t\t\t\t<\/p>\n\t\t\t<\/div>\n\t\t\t\t\t\t\t<button type=\"submit\" name=\"et_builder_submit_button\" class=\"et_pb_contact_submit et_pb_button\">SEND<\/button>\n\t\t\t\t\t\t<\/div>\n\t\t\t\t\t\t<input type=\"hidden\" id=\"_wpnonce-et-pb-contact-form-submitted-0\" name=\"_wpnonce-et-pb-contact-form-submitted-0\" value=\"08c93ba53a\" \/><input type=\"hidden\" name=\"_wp_http_referer\" value=\"\/en\/wp-json\/wp\/v2\/pages\/101815\" \/>\n\t\t\t\t\t<\/form>\n\t\t\t\t<\/div>\n\t\t\t<\/div>\n\t\t\t\n\t\t\t<\/div>\n\t\t\t\t\n\t\t\t\t\n\t\t\t\t\n\t\t\t\t\n\t\t\t<\/div>\n\t\t\t\t\n\t\t\t\t\n\t\t\t<\/div><div class=\"et_d4_element et_pb_section et_pb_section_1  et_pb_css_mix_blend_mode et_pb_fullwidth_section et_section_regular et_block_section\" >\n\t\t\t\t\n\t\t\t\t\n\t\t\t\t\n\t\t\t\t\n\t\t\t\t\n\t\t\t\t\n\t\t\t\t<div class=\"et_pb_module et_d4_element et_pb_fullwidth_code et_pb_fullwidth_code_0\">\n\t\t\t\t\n\t\t\t\t\n\t\t\t\t\n\t\t\t\t\n\t\t\t\t<div class=\"et_pb_code_inner\"><iframe loading=\"lazy\" style=\"border: 0;\" src=\"https:\/\/www.google.com\/maps\/embed?pb=!1m18!1m12!1m3!1d3007.787378659637!2d29.01505307588201!3d41.073640071341394!2m3!1f0!2f0!3f0!3m2!1i1024!2i768!4f13.1!3m3!1m2!1s0x14cab64177138095%3A0x3ede0b96dcb8bbc!2zQXlkxLFuIMSwxZ8gTWVya2V6aQ!5e0!3m2!1str!2sus!4v1725267209142!5m2!1str!2sus\" width=\"1920\" height=\"450\" allowfullscreen=\"allowfullscreen\" data-mce-fragment=\"1\"><\/iframe><\/div>\n\t\t\t<\/div>\n\t\t\t\t\n\t\t\t\t\n\t\t\t<\/div><\/p>\n","protected":false},"excerpt":{"rendered":"","protected":false},"author":2,"featured_media":0,"parent":0,"menu_order":0,"comment_status":"closed","ping_status":"closed","template":"","meta":{"_acf_changed":false,"rank_math_title":"","rank_math_description":"","rank_math_focus_keyword":"","rank_math_facebook_title":"","rank_math_facebook_description":"","rank_math_twitter_use_facebook":"","rank_math_robots":[],"_et_pb_use_builder":"on","_et_pb_old_content":"<p>[et_pb_section fb_built=\"1\" custom_padding_last_edited=\"on|phone\" _builder_version=\"4.27.0\" _module_preset=\"default\" background_color=\"#f2f2f2\" custom_padding=\"30px||||false|false\" custom_padding_tablet=\"30px||||false|false\" custom_padding_phone=\"0px||0px||false|false\" global_colors_info=\"{}\"][et_pb_row column_structure=\"2_5,3_5\" _builder_version=\"4.27.0\" _module_preset=\"default\" width=\"90%\" global_colors_info=\"{}\"][et_pb_column type=\"2_5\" _builder_version=\"4.27.0\" _module_preset=\"default\" global_colors_info=\"{}\"][et_pb_text _builder_version=\"4.27.0\" _module_preset=\"default\" header_font=\"|600|||||||\" header_font_size=\"34px\" custom_margin=\"||12px||false|false\" header_font_size_tablet=\"34px\" header_font_size_phone=\"30px\" header_font_size_last_edited=\"on|phone\" global_colors_info=\"{}\"]<\/p><h1>\u0130leti\u015fim<\/h1><p>[\/et_pb_text][et_pb_blurb use_icon=\"on\" font_icon=\"\uf879||fa||900\" icon_color=\"#222222\" icon_placement=\"left\" image_icon_width=\"22px\" _builder_version=\"4.27.0\" _module_preset=\"default\" header_font_size=\"24px\" header_line_height=\"1.4em\" image_icon_custom_margin=\"|||4px|false|false\" custom_margin=\"||15px||false|false\" global_colors_info=\"{}\"]<\/p><h3>90 552 7363617<\/h3><p>[\/et_pb_blurb][et_pb_blurb use_icon=\"on\" font_icon=\"\uf0e0||fa||400\" icon_color=\"#222222\" icon_placement=\"left\" image_icon_width=\"22px\" _builder_version=\"4.27.0\" _module_preset=\"default\" header_font_size=\"24px\" header_line_height=\"1.4em\" body_font=\"|700|||||||\" body_font_size=\"18px\" body_line_height=\"1.2em\" image_icon_custom_margin=\"|||4px|false|false\" custom_margin=\"||25px||false|false\" global_colors_info=\"{}\"]<\/p><p><a href=\"mailto:info@theintegralinstitute.com\">info@theintegralinstitute.com<\/a><\/p><p>[\/et_pb_blurb][et_pb_blurb title=\"Adres\" use_icon=\"on\" font_icon=\"\ue081||divi||400\" icon_color=\"#222222\" icon_placement=\"left\" image_icon_width=\"22px\" _builder_version=\"4.27.0\" _module_preset=\"default\" header_font_size=\"21px\" header_line_height=\"1.1em\" body_font_size=\"18px\" body_letter_spacing=\"0.3px\" image_icon_custom_margin=\"|||4px|false|false\" custom_margin=\"||18px||false|false\" custom_padding=\"||||false|false\" custom_padding_tablet=\"||||false|false\" custom_padding_phone=\"||||false|false\" custom_padding_last_edited=\"on|desktop\" global_colors_info=\"{}\"]<\/p><p>Nispetiye Mah. Ayd\u0131n Sokak No 2 Kat 4 Daire 10 Ayd\u0131n \u0130\u015fmerkezi<br \/>Levent Be\u015fikta\u015f<strong> \u0130stanbul T\u00fcrkiye<\/strong><\/p><p>[\/et_pb_blurb][et_pb_social_media_follow use_icon_font_size=\"on\" icon_font_size=\"18px\" _builder_version=\"4.27.0\" _module_preset=\"default\" text_orientation=\"left\" custom_margin=\"30px||10px|44px|false|false\" custom_padding=\"||||false|false\" global_colors_info=\"{}\"][et_pb_social_media_follow_network social_network=\"instagram\" url=\"https:\/\/www.instagram.com\/theintegralinstitute\/\" _builder_version=\"4.27.0\" _module_preset=\"default\" background_color=\"#ea2c59\" custom_margin=\"|4px|||false|false\" global_colors_info=\"{}\" follow_button=\"off\" url_new_window=\"on\"]instagram[\/et_pb_social_media_follow_network][et_pb_social_media_follow_network social_network=\"linkedin\" url=\"https:\/\/tr.linkedin.com\/company\/the-integral-institute\" _builder_version=\"4.27.0\" _module_preset=\"default\" background_color=\"#007bb6\" custom_margin=\"|4px|||false|false\" global_colors_info=\"{}\" follow_button=\"off\" url_new_window=\"on\"]linkedin[\/et_pb_social_media_follow_network][et_pb_social_media_follow_network social_network=\"youtube\" url=\"https:\/\/www.youtube.com\/channel\/UCeg7jnMeBIDrxVctz91PIAg\" _builder_version=\"4.27.0\" _module_preset=\"default\" background_color=\"#a82400\" custom_margin=\"|4px|||false|false\" global_colors_info=\"{}\" follow_button=\"off\" url_new_window=\"on\"]youtube[\/et_pb_social_media_follow_network][et_pb_social_media_follow_network social_network=\"facebook\" url=\"https:\/\/www.facebook.com\/theintegralinstitute\/\" _builder_version=\"4.27.0\" _module_preset=\"default\" background_color=\"#3b5998\" custom_margin=\"|4px|||false|false\" global_colors_info=\"{}\" follow_button=\"off\" url_new_window=\"on\"]facebook[\/et_pb_social_media_follow_network][et_pb_social_media_follow_network social_network=\"whatsapp\" url=\"https:\/\/wa.me\/905527363617\" _builder_version=\"4.27.0\" _module_preset=\"default\" background_color=\"#25D366\" custom_margin=\"|4px|||false|false\" global_colors_info=\"{}\" follow_button=\"off\" url_new_window=\"on\"]whatsapp[\/et_pb_social_media_follow_network][\/et_pb_social_media_follow][\/et_pb_column][et_pb_column type=\"3_5\" _builder_version=\"4.27.0\" _module_preset=\"default\" global_colors_info=\"{}\"][et_pb_contact_form submit_button_text=\"G\u00d6NDER\u0130N\" _builder_version=\"4.27.0\" _module_preset=\"default\" _unique_id=\"71cb9872-3fc0-48a8-9d16-8e971d488039\" form_field_background_color=\"#FFFFFF\" form_field_text_color=\"#666666\" form_field_focus_text_color=\"#555555\" form_field_custom_padding=\"|18px||18px|false|true\" form_field_font_size=\"16px\" form_field_letter_spacing=\"0.3px\" custom_button=\"on\" button_text_size=\"15px\" button_text_color=\"rgba(21,30,70,0.71)\" button_border_width=\"2px\" button_border_radius=\"10px\" button_letter_spacing=\"2px\" button_custom_padding=\"|28px||28px|false|false\" custom_padding=\"||||false|false\" border_radii=\"on|10px|10px|10px|10px\" global_colors_info=\"{}\"][et_pb_contact_field field_id=\"Name\" field_title=\"Ad Soyad\" _builder_version=\"4.27.0\" global_colors_info=\"{}\" button_text_size__hover_enabled=\"off\" button_one_text_size__hover_enabled=\"off\" button_two_text_size__hover_enabled=\"off\" button_text_color__hover_enabled=\"off\" button_one_text_color__hover_enabled=\"off\" button_two_text_color__hover_enabled=\"off\" button_border_width__hover_enabled=\"off\" button_one_border_width__hover_enabled=\"off\" button_two_border_width__hover_enabled=\"off\" button_border_color__hover_enabled=\"off\" button_one_border_color__hover_enabled=\"off\" button_two_border_color__hover_enabled=\"off\" button_border_radius__hover_enabled=\"off\" button_one_border_radius__hover_enabled=\"off\" button_two_border_radius__hover_enabled=\"off\" button_letter_spacing__hover_enabled=\"off\" button_one_letter_spacing__hover_enabled=\"off\" button_two_letter_spacing__hover_enabled=\"off\" button_bg_color__hover_enabled=\"off\" button_one_bg_color__hover_enabled=\"off\" button_two_bg_color__hover_enabled=\"off\"][\/et_pb_contact_field][et_pb_contact_field field_id=\"Email\" field_title=\"E-Mail\" field_type=\"email\" _builder_version=\"4.27.0\" global_colors_info=\"{}\" button_text_size__hover_enabled=\"off\" button_one_text_size__hover_enabled=\"off\" button_two_text_size__hover_enabled=\"off\" button_text_color__hover_enabled=\"off\" button_one_text_color__hover_enabled=\"off\" button_two_text_color__hover_enabled=\"off\" button_border_width__hover_enabled=\"off\" button_one_border_width__hover_enabled=\"off\" button_two_border_width__hover_enabled=\"off\" button_border_color__hover_enabled=\"off\" button_one_border_color__hover_enabled=\"off\" button_two_border_color__hover_enabled=\"off\" button_border_radius__hover_enabled=\"off\" button_one_border_radius__hover_enabled=\"off\" button_two_border_radius__hover_enabled=\"off\" button_letter_spacing__hover_enabled=\"off\" button_one_letter_spacing__hover_enabled=\"off\" button_two_letter_spacing__hover_enabled=\"off\" button_bg_color__hover_enabled=\"off\" button_one_bg_color__hover_enabled=\"off\" button_two_bg_color__hover_enabled=\"off\"][\/et_pb_contact_field][et_pb_contact_field field_id=\"Ulke\" field_title=\"\u00dclke\" _builder_version=\"4.27.0\" _module_preset=\"default\" global_colors_info=\"{}\"][\/et_pb_contact_field][et_pb_contact_field field_id=\"Tel\" field_title=\"Telefon\" _builder_version=\"4.27.0\" _module_preset=\"default\" global_colors_info=\"{}\"][\/et_pb_contact_field][et_pb_contact_field field_id=\"Nereden\" field_title=\"Bizi Nereden Duydunuz?\" field_type=\"select\" select_options=\"%91{%22value%22:%22Instagram%22,%22checked%22:0,%22dragID%22:0},{%22value%22:%22Linkedin%22,%22checked%22:0,%22dragID%22:-1},{%22value%22:%22Google%22,%22checked%22:0,%22dragID%22:1},{%22value%22:%22Di\u011fer%22,%22checked%22:0,%22dragID%22:2},{%22value%22:%22%22,%22checked%22:0,%22dragID%22:3}%93\" _builder_version=\"4.27.0\" _module_preset=\"default\" global_colors_info=\"{}\"][\/et_pb_contact_field][et_pb_contact_field field_id=\"Program\" field_title=\"Hangi Programla \u0130lgileniyorunuz?\" field_type=\"select\" select_options=\"%91{%22value%22:%22Integral Leadership%22,%22checked%22:0,%22dragID%22:-1},{%22value%22:%22Integral Team%22,%22checked%22:0,%22dragID%22:9},{%22value%22:%22Integral Coaching%22,%22checked%22:0,%22dragID%22:10},{%22value%22:%22Integral Programs%22,%22checked%22:0,%22dragID%22:11},{%22value%22:%22Integral Workshops%22,%22checked%22:0,%22dragID%22:12},{%22value%22:%22Integral Assessments%22,%22checked%22:0,%22dragID%22:13},{%22value%22:%22Integral Mentoring%22,%22checked%22:0,%22dragID%22:14}%93\" _builder_version=\"4.27.0\" _module_preset=\"default\" global_colors_info=\"{}\"][\/et_pb_contact_field][et_pb_contact_field field_id=\"Message\" field_title=\"Mesaj\u0131n\u0131z\" field_type=\"text\" fullwidth_field=\"on\" _builder_version=\"4.27.0\" global_colors_info=\"{}\" button_text_size__hover_enabled=\"off\" button_one_text_size__hover_enabled=\"off\" button_two_text_size__hover_enabled=\"off\" button_text_color__hover_enabled=\"off\" button_one_text_color__hover_enabled=\"off\" button_two_text_color__hover_enabled=\"off\" button_border_width__hover_enabled=\"off\" button_one_border_width__hover_enabled=\"off\" button_two_border_width__hover_enabled=\"off\" button_border_color__hover_enabled=\"off\" button_one_border_color__hover_enabled=\"off\" button_two_border_color__hover_enabled=\"off\" button_border_radius__hover_enabled=\"off\" button_one_border_radius__hover_enabled=\"off\" button_two_border_radius__hover_enabled=\"off\" button_letter_spacing__hover_enabled=\"off\" button_one_letter_spacing__hover_enabled=\"off\" button_two_letter_spacing__hover_enabled=\"off\" button_bg_color__hover_enabled=\"off\" button_one_bg_color__hover_enabled=\"off\" button_two_bg_color__hover_enabled=\"off\"][\/et_pb_contact_field][et_pb_contact_field field_id=\"Newsletter\" field_title=\"Newsletter\" field_type=\"radio\" radio_options=\"%91{%22value%22:%22Duyurulardan haberdar olmak istiyorum%22,%22checked%22:0,%22dragID%22:-1}%93\" fullwidth_field=\"on\" _builder_version=\"4.27.0\" _module_preset=\"default\" global_colors_info=\"{}\"][\/et_pb_contact_field][\/et_pb_contact_form][\/et_pb_column][\/et_pb_row][\/et_pb_section][et_pb_section fb_built=\"1\" fullwidth=\"on\" _builder_version=\"4.27.0\" _module_preset=\"default\" global_colors_info=\"{}\"][et_pb_fullwidth_code _builder_version=\"4.27.0\" _module_preset=\"default\" custom_margin=\"||-8px||false|false\" hover_enabled=\"0\" global_colors_info=\"{}\" sticky_enabled=\"0\"]<iframe style=\"border: 0;\" src=\"https:\/\/www.google.com\/maps\/embed?pb=!1m18!1m12!1m3!1d3007.787378659637!2d29.01505307588201!3d41.073640071341394!2m3!1f0!2f0!3f0!3m2!1i1024!2i768!4f13.1!3m3!1m2!1s0x14cab64177138095%3A0x3ede0b96dcb8bbc!2zQXlkxLFuIMSwxZ8gTWVya2V6aQ!5e0!3m2!1str!2sus!4v1725267209142!5m2!1str!2sus\" width=\"1920\" height=\"450\" allowfullscreen=\"allowfullscreen\" data-mce-fragment=\"1\"><\/iframe>[\/et_pb_fullwidth_code][\/et_pb_section]<\/p>","_et_gb_content_width":"","footnotes":""},"class_list":["post-101815","page","type-page","status-publish","hentry"],"acf":[],"_links":{"self":[{"href":"https:\/\/theintegralinstitute.com\/en\/wp-json\/wp\/v2\/pages\/101815","targetHints":{"allow":["GET"]}}],"collection":[{"href":"https:\/\/theintegralinstitute.com\/en\/wp-json\/wp\/v2\/pages"}],"about":[{"href":"https:\/\/theintegralinstitute.com\/en\/wp-json\/wp\/v2\/types\/page"}],"author":[{"embeddable":true,"href":"https:\/\/theintegralinstitute.com\/en\/wp-json\/wp\/v2\/users\/2"}],"replies":[{"embeddable":true,"href":"https:\/\/theintegralinstitute.com\/en\/wp-json\/wp\/v2\/comments?post=101815"}],"version-history":[{"count":0,"href":"https:\/\/theintegralinstitute.com\/en\/wp-json\/wp\/v2\/pages\/101815\/revisions"}],"wp:attachment":[{"href":"https:\/\/theintegralinstitute.com\/en\/wp-json\/wp\/v2\/media?parent=101815"}],"curies":[{"name":"wp","href":"https:\/\/api.w.org\/{rel}","templated":true}]}}