{"id":101822,"date":"2024-08-29T17:26:19","date_gmt":"2024-08-29T14:26:19","guid":{"rendered":"https:\/\/d.theintegralinstitute.com\/?page_id=101822"},"modified":"2024-09-06T22:43:04","modified_gmt":"2024-09-06T19:43:04","slug":"media","status":"publish","type":"page","link":"https:\/\/theintegralinstitute.com\/en\/media\/","title":{"rendered":"Media"},"content":{"rendered":"<p><div class=\"et_d4_element et_pb_section et_pb_section_0 et_pb_with_background  et_pb_css_mix_blend_mode et_section_regular section_has_divider et_pb_bottom_divider et_block_section\" >\n\t\t\t\t\n\t\t\t\t\n\t\t\t\t\n\t\t\t\t\n\t\t\t\t\n\t\t\t\t\n\t\t\t\t<div class=\"et_d4_element et_pb_row et_pb_row_0 inline-buttons-row et_pb_equal_columns  et_pb_css_mix_blend_mode et_block_row\">\n\t\t\t\t<div class=\"et_d4_element et_pb_column_1_2 et_pb_column et_pb_column_0  et_pb_css_mix_blend_mode et_block_column\">\n\t\t\t\t\n\t\t\t\t\n\t\t\t\t\n\t\t\t\t\n\t\t\t\t<div class=\"et_pb_module et_d4_element et_pb_video et_pb_video_0\">\n\t\t\t\t\n\t\t\t\t\n\t\t\t\t\n\t\t\t\t\n\t\t\t\t<div class=\"et_pb_video_box\"><iframe loading=\"lazy\" title=\"TEDx \u00d6zye\u011fin University - Sami Bugay - Harekete Ge\u00e7 ya da Bi DUR! - 14 Nisan 2018\" width=\"1080\" height=\"608\" src=\"https:\/\/www.youtube.com\/embed\/2dfoSEQ-5zg?feature=oembed\"  allow=\"accelerometer; autoplay; clipboard-write; encrypted-media; gyroscope; picture-in-picture; web-share\" referrerpolicy=\"strict-origin-when-cross-origin\" allowfullscreen><\/iframe><\/div>\n\t\t\t\t<div style=\"background-image:url(\/\/i.ytimg.com\/vi\/2dfoSEQ-5zg\/maxresdefault.jpg)\" class=\"et_pb_video_overlay\"><div class=\"et_pb_video_overlay_hover\"><a href=\"#\" class=\"et_pb_video_play\"><\/a><\/div><\/div>\n\t\t\t<\/div><div class=\"et_pb_module et_d4_element et_pb_text et_pb_text_0  et_pb_text_align_center et_pb_bg_layout_dark\">\n\t\t\t\t\n\t\t\t\t\n\t\t\t\t\n\t\t\t\t\n\t\t\t\t<div class=\"et_pb_text_inner\"><h2 id=\"tedx-ozyegin-university-take-action-or-stop\">TEDx \u00d6zye\u011fin University - Take Action or Stop!<\/h2><\/div>\n\t\t\t<\/div>\n\t\t\t<\/div><div class=\"et_d4_element et_pb_column_1_2 et_pb_column et_pb_column_1  et_pb_css_mix_blend_mode et-last-child et_block_column\">\n\t\t\t\t\n\t\t\t\t\n\t\t\t\t\n\t\t\t\t\n\t\t\t\t<div class=\"et_pb_module et_d4_element et_pb_video et_pb_video_1\">\n\t\t\t\t\n\t\t\t\t\n\t\t\t\t\n\t\t\t\t\n\t\t\t\t<div class=\"et_pb_video_box\"><iframe loading=\"lazy\" title=\"ICF T\u00fcrkiye 2016-18 Ba\u015fkan\u0131 Sami Bugay ile CNN T\u00fcrk R\u00f6portaj\u0131\" width=\"1080\" height=\"608\" src=\"https:\/\/www.youtube.com\/embed\/QrscrU4MZyk?feature=oembed\"  allow=\"accelerometer; autoplay; clipboard-write; encrypted-media; gyroscope; picture-in-picture; web-share\" referrerpolicy=\"strict-origin-when-cross-origin\" allowfullscreen><\/iframe><\/div>\n\t\t\t\t<div style=\"background-image:url(\/\/i.ytimg.com\/vi\/QrscrU4MZyk\/hqdefault.jpg)\" class=\"et_pb_video_overlay\"><div class=\"et_pb_video_overlay_hover\"><a href=\"#\" class=\"et_pb_video_play\"><\/a><\/div><\/div>\n\t\t\t<\/div><div class=\"et_pb_module et_d4_element et_pb_text et_pb_text_1  et_pb_text_align_center et_pb_bg_layout_dark\">\n\t\t\t\t\n\t\t\t\t\n\t\t\t\t\n\t\t\t\t\n\t\t\t\t<div class=\"et_pb_text_inner\"><h2 id=\"cnn-turk-interview-icf-turkiye-2016-18-president-sami-bugay\">CNN T\u00fcrk Interview - ICF Turkiye 2016-18 President Sami Bugay<\/h2><\/div>\n\t\t\t<\/div>\n\t\t\t<\/div>\n\t\t\t\t\n\t\t\t\t\n\t\t\t\t\n\t\t\t\t\n\t\t\t<\/div>\n\t\t\t\t\n\t\t\t\t<div class=\"et_pb_bottom_inside_divider et-no-transition\"><\/div>\n\t\t\t<\/div><div class=\"et_d4_element et_pb_section et_pb_section_1  et_pb_css_mix_blend_mode et_section_regular et_block_section\" >\n\t\t\t\t\n\t\t\t\t\n\t\t\t\t\n\t\t\t\t\n\t\t\t\t\n\t\t\t\t\n\t\t\t\t<div class=\"et_d4_element et_pb_row et_pb_row_1  et_pb_css_mix_blend_mode et_block_row\">\n\t\t\t\t<div class=\"et_d4_element et_pb_column_4_4 et_pb_column et_pb_column_2  et_pb_css_mix_blend_mode et-last-child et_block_column\">\n\t\t\t\t\n\t\t\t\t\n\t\t\t\t\n\t\t\t\t\n\t\t\t\t<div class=\"et_pb_module et_d4_element et_pb_code et_pb_code_0\">\n\t\t\t\t\n\t\t\t\t\n\t\t\t\t\n\t\t\t\t\n\t\t\t\t<div class=\"et_pb_code_inner\"><iframe loading=\"lazy\" class=\"lazyloaded\" style=\"border-radius: 12px;\" src=\"https:\/\/open.spotify.com\/embed\/episode\/1P8NCG4SK5PZSTNvV7rhGn?utm_source=generator\" width=\"100%\" height=\"232\" frameborder=\"0\" allowfullscreen=\"allowfullscreen\" data-mce-fragment=\"1\"><\/iframe><\/div>\n\t\t\t<\/div><div class=\"et_pb_module et_d4_element et_pb_text et_pb_text_2  et_pb_text_align_left et_pb_bg_layout_light\">\n\t\t\t\t\n\t\t\t\t\n\t\t\t\t\n\t\t\t\t\n\t\t\t\t<div class=\"et_pb_text_inner\"><p><strong>Episode 1084 of the Arete Ko\u00e7 Podcast with program host Mr. Severin Sorensen and guest coach Sami Bugay MCC.<\/strong><\/p>\n<p>Sami is a Master Certified Coach, Certified Ontological Coach, Leadership Coach, Team Coach, author of the bestselling book, \u201cBetter Leaders, Better Teams,\u201d and CEO and owner of KA Consulting.<\/p>\n<p>Better Leaders Better Teams offers readers a ready-to-use combination of grounded theory and experiential practices for building fully functional teams.<\/p>\n<p>Sami was awarded the lifetime achievement award and the Outstanding OSD Alumnus award by the Gestalt Organization and Systems Development Center in 2021. In 2008, he was awarded the Local Spirit Global Presence Award by ICF. Sami attended more than six different foundation coaching programs in his coaching journey to reach MCC.<\/p><\/div>\n\t\t\t<\/div>\n\t\t\t<\/div>\n\t\t\t\t\n\t\t\t\t\n\t\t\t\t\n\t\t\t\t\n\t\t\t<\/div>\n\t\t\t\t\n\t\t\t\t\n\t\t\t<\/div><\/p>\n","protected":false},"excerpt":{"rendered":"","protected":false},"author":2,"featured_media":0,"parent":0,"menu_order":0,"comment_status":"closed","ping_status":"closed","template":"","meta":{"_acf_changed":false,"rank_math_title":"","rank_math_description":"","rank_math_focus_keyword":"","rank_math_facebook_title":"","rank_math_facebook_description":"","rank_math_twitter_use_facebook":"","rank_math_robots":[],"_et_pb_use_builder":"on","_et_pb_old_content":"","_et_gb_content_width":"","footnotes":""},"class_list":["post-101822","page","type-page","status-publish","hentry"],"acf":[],"_links":{"self":[{"href":"https:\/\/theintegralinstitute.com\/en\/wp-json\/wp\/v2\/pages\/101822","targetHints":{"allow":["GET"]}}],"collection":[{"href":"https:\/\/theintegralinstitute.com\/en\/wp-json\/wp\/v2\/pages"}],"about":[{"href":"https:\/\/theintegralinstitute.com\/en\/wp-json\/wp\/v2\/types\/page"}],"author":[{"embeddable":true,"href":"https:\/\/theintegralinstitute.com\/en\/wp-json\/wp\/v2\/users\/2"}],"replies":[{"embeddable":true,"href":"https:\/\/theintegralinstitute.com\/en\/wp-json\/wp\/v2\/comments?post=101822"}],"version-history":[{"count":0,"href":"https:\/\/theintegralinstitute.com\/en\/wp-json\/wp\/v2\/pages\/101822\/revisions"}],"wp:attachment":[{"href":"https:\/\/theintegralinstitute.com\/en\/wp-json\/wp\/v2\/media?parent=101822"}],"curies":[{"name":"wp","href":"https:\/\/api.w.org\/{rel}","templated":true}]}}