{"id":102165,"date":"2024-09-02T11:59:05","date_gmt":"2024-09-02T08:59:05","guid":{"rendered":"https:\/\/theintegralinstitute.com\/?page_id=102165"},"modified":"2026-04-13T09:58:21","modified_gmt":"2026-04-13T06:58:21","slug":"coaching","status":"publish","type":"page","link":"https:\/\/theintegralinstitute.com\/en\/coaching\/","title":{"rendered":"Coaching"},"content":{"rendered":"<p>[et_pb_section fb_built=&#8221;1&#8243; custom_padding_last_edited=&#8221;on|desktop&#8221; _builder_version=&#8221;4.27.0&#8243; _module_preset=&#8221;default&#8221; background_enable_color=&#8221;off&#8221; use_background_color_gradient=&#8221;on&#8221; background_color_gradient_stops=&#8221;#f7f7f7 0%|#ffffff 100%&#8221; custom_margin=&#8221;0px||0px||false|false&#8221; custom_padding=&#8221;50px||30px||false|false&#8221; custom_padding_tablet=&#8221;20px||0px||false|false&#8221; custom_padding_phone=&#8221;10px||||false|false&#8221; global_colors_info=&#8221;{}&#8221;][et_pb_row _builder_version=&#8221;4.27.0&#8243; _module_preset=&#8221;default&#8221; width=&#8221;90%&#8221; custom_padding=&#8221;||32px|||&#8221; global_colors_info=&#8221;{}&#8221;][et_pb_column type=&#8221;4_4&#8243; _builder_version=&#8221;4.27.0&#8243; _module_preset=&#8221;default&#8221; global_colors_info=&#8221;{}&#8221;][et_pb_text _builder_version=&#8221;4.27.0&#8243; _module_preset=&#8221;default&#8221; text_font=&#8221;|300|||||||&#8221; text_text_color=&#8221;#333333&#8243; text_font_size=&#8221;22px&#8221; text_letter_spacing=&#8221;0.5px&#8221; text_line_height=&#8221;1.4em&#8221; header_text_align=&#8221;center&#8221; header_font_size=&#8221;44px&#8221; header_2_text_align=&#8221;center&#8221; header_2_font_size=&#8221;32px&#8221; header_2_letter_spacing=&#8221;-0.2px&#8221; header_2_line_height=&#8221;1.3em&#8221; width=&#8221;936px&#8221; width_tablet=&#8221;80%&#8221; width_phone=&#8221;94%&#8221; width_last_edited=&#8221;on|phone&#8221; module_alignment=&#8221;center&#8221; custom_margin=&#8221;||10px||false|false&#8221; custom_margin_tablet=&#8221;||38px||false|false&#8221; custom_margin_phone=&#8221;||-20px||false|false&#8221; custom_margin_last_edited=&#8221;on|phone&#8221; text_font_size_tablet=&#8221;18px&#8221; text_font_size_phone=&#8221;20px&#8221; text_font_size_last_edited=&#8221;on|phone&#8221; header_2_font_size_tablet=&#8221;30px&#8221; header_2_font_size_phone=&#8221;26px&#8221; header_2_font_size_last_edited=&#8221;on|phone&#8221; locked=&#8221;off&#8221; global_colors_info=&#8221;{}&#8221;]<\/p>\n<h1 id=\"integral-coaching-training\">Integral Coaching Training<\/h1>\n<p>Integral Coaching Training is designed to develop skilled coaches who can support individuals and organizations in their growth and transformation. This program provides a comprehensive foundation in coaching techniques, combining psychological insights, communication skills, and practical tools to foster self-awareness, resilience, and sustainable change. Participants learn to approach coaching holistically, addressing both internal and external factors that influence personal and professional development.<\/p>\n<h2 id=\"why-the-integral-institute-cares-about-coaching-training\">Why the Integral Institute Cares About Coaching Training?<\/h2>\n<p>The Integral Institute is committed to coaching training because it sees coaching as a powerful catalyst for personal and organizational evolution. By equipping coaches with the knowledge and skills to guide others effectively, the Institute promotes a culture of empathy, accountability, and continuous learning. Investing in high-quality coaching training ensures that coaches are prepared to meet the diverse needs of their clients, fostering environments where individuals and teams can thrive and reach their fullest potential.<\/p>\n<p>[\/et_pb_text][\/et_pb_column][\/et_pb_row][et_pb_row column_structure=&#8221;1_3,1_3,1_3&#8243; use_custom_gutter=&#8221;on&#8221; gutter_width=&#8221;1&#8243; make_equal=&#8221;on&#8221; custom_padding_last_edited=&#8221;on|phone&#8221; _builder_version=&#8221;4.27.0&#8243; _module_preset=&#8221;default&#8221; width=&#8221;90%&#8221; custom_margin=&#8221;||||false|false&#8221; custom_padding=&#8221;0px||0px||false|false&#8221; custom_padding_tablet=&#8221;0px||0px||false|false&#8221; custom_padding_phone=&#8221;||0px||false|false&#8221; global_colors_info=&#8221;{}&#8221;][et_pb_column type=&#8221;1_3&#8243; _builder_version=&#8221;4.27.0&#8243; _module_preset=&#8221;default&#8221; custom_padding=&#8221;40px|50px|45px|50px|false|true&#8221; custom_padding_tablet=&#8221;40px|50px|40px|50px|true|true&#8221; custom_padding_phone=&#8221;|10px||10px|true|true&#8221; custom_padding_last_edited=&#8221;on|phone&#8221; border_color_all=&#8221;rgba(0,0,0,0.15)&#8221; border_style_bottom=&#8221;dotted&#8221; border_width_bottom_tablet=&#8221;1px&#8221; border_width_bottom_phone=&#8221;1px&#8221; border_width_bottom_last_edited=&#8221;on|tablet&#8221; global_colors_info=&#8221;{}&#8221;][et_pb_blurb title=&#8221;Integral Coaching Program- Level 1&#8243; image=&#8221;https:\/\/theintegralinstitute.com\/wp-content\/uploads\/2024\/08\/Uzmanlik.webp&#8221; alt=&#8221;Uzman D\u00fczey Ko\u00e7luk&#8221; image_icon_width=&#8221;30%&#8221; _builder_version=&#8221;4.27.0&#8243; _module_preset=&#8221;default&#8221; header_level=&#8221;h2&#8243; header_font=&#8221;|600|||||||&#8221; header_text_align=&#8221;center&#8221; header_font_size=&#8221;24px&#8221; header_letter_spacing=&#8221;-0.2px&#8221; header_line_height=&#8221;1.2em&#8221; body_text_align=&#8221;center&#8221; body_text_color=&#8221;#444444&#8243; body_font_size=&#8221;18px&#8221; body_letter_spacing=&#8221;0.4px&#8221; body_line_height=&#8221;1.5em&#8221; image_icon_custom_margin=&#8221;||-18px||false|false&#8221; transform_scale_linked=&#8221;off&#8221; transform_translate_linked=&#8221;off&#8221; animation=&#8221;off&#8221; link_option_url=&#8221;https:\/\/theintegralinstitute.com\/en\/coaching\/program-level-1\/&#8221; hover_enabled=&#8221;0&#8243; global_colors_info=&#8221;{}&#8221; transform_styles__hover_enabled=&#8221;on|hover&#8221; transform_scale__hover_enabled=&#8221;on|hover&#8221; transform_translate__hover_enabled=&#8221;on|hover&#8221; transform_rotate__hover_enabled=&#8221;on|desktop&#8221; transform_skew__hover_enabled=&#8221;on|desktop&#8221; transform_origin__hover_enabled=&#8221;on|desktop&#8221; title_text=&#8221;Uzman D\u00fczey Ko\u00e7luk&#8221; sticky_enabled=&#8221;0&#8243;]<\/p>\n<p>A Crucial Approach To Coaching Leaders<\/p>\n<p>[\/et_pb_blurb][\/et_pb_column][et_pb_column type=&#8221;1_3&#8243; _builder_version=&#8221;4.27.0&#8243; _module_preset=&#8221;default&#8221; custom_padding=&#8221;40px|50px|45px|50px|false|true&#8221; custom_padding_tablet=&#8221;40px|50px|40px|50px|true|true&#8221; custom_padding_phone=&#8221;|10px||10px|true|true&#8221; custom_padding_last_edited=&#8221;on|phone&#8221; border_color_all=&#8221;rgba(0,0,0,0.15)&#8221; border_width_right=&#8221;1px&#8221; border_style_right=&#8221;dotted&#8221; border_style_bottom=&#8221;dotted&#8221; border_width_left=&#8221;1px&#8221; border_style_left=&#8221;dotted&#8221; border_width_right_tablet=&#8221;0px&#8221; border_width_right_phone=&#8221;0px&#8221; border_width_right_last_edited=&#8221;on|tablet&#8221; border_width_left_tablet=&#8221;0px&#8221; border_width_left_phone=&#8221;0px&#8221; border_width_left_last_edited=&#8221;on|tablet&#8221; global_colors_info=&#8221;{}&#8221;][et_pb_blurb title=&#8221;Integral Coaching Program- Level 2&#8243; image=&#8221;https:\/\/theintegralinstitute.com\/wp-content\/uploads\/2024\/08\/Uzmanlik.webp&#8221; alt=&#8221;Uzman D\u00fczey Ko\u00e7luk&#8221; image_icon_width=&#8221;30%&#8221; _builder_version=&#8221;4.27.0&#8243; _module_preset=&#8221;default&#8221; header_level=&#8221;h2&#8243; header_font=&#8221;|600|||||||&#8221; header_text_align=&#8221;center&#8221; header_font_size=&#8221;24px&#8221; header_letter_spacing=&#8221;-0.2px&#8221; header_line_height=&#8221;1.2em&#8221; body_text_align=&#8221;center&#8221; body_text_color=&#8221;#444444&#8243; body_font_size=&#8221;18px&#8221; body_letter_spacing=&#8221;0.4px&#8221; body_line_height=&#8221;1.5em&#8221; image_icon_custom_margin=&#8221;||-18px||false|false&#8221; transform_scale_linked=&#8221;off&#8221; transform_translate_linked=&#8221;off&#8221; animation=&#8221;off&#8221; link_option_url=&#8221;https:\/\/theintegralinstitute.com\/en\/coaching\/program-level-2\/&#8221; hover_enabled=&#8221;0&#8243; global_colors_info=&#8221;{}&#8221; transform_styles__hover_enabled=&#8221;on|hover&#8221; transform_scale__hover_enabled=&#8221;on|hover&#8221; transform_translate__hover_enabled=&#8221;on|hover&#8221; transform_rotate__hover_enabled=&#8221;on|desktop&#8221; transform_skew__hover_enabled=&#8221;on|desktop&#8221; transform_origin__hover_enabled=&#8221;on|desktop&#8221; title_text=&#8221;Uzman D\u00fczey Ko\u00e7luk&#8221; sticky_enabled=&#8221;0&#8243;]<\/p>\n<p>Mastering the Art of Integral Coaching.<\/p>\n<p>[\/et_pb_blurb][\/et_pb_column][et_pb_column type=&#8221;1_3&#8243; _builder_version=&#8221;4.27.0&#8243; _module_preset=&#8221;default&#8221; custom_padding=&#8221;40px|50px|45px|50px|false|true&#8221; custom_padding_tablet=&#8221;40px|50px|40px|50px|true|true&#8221; custom_padding_phone=&#8221;|10px||10px|true|true&#8221; custom_padding_last_edited=&#8221;on|phone&#8221; border_color_all=&#8221;rgba(0,0,0,0.15)&#8221; border_style_bottom=&#8221;dotted&#8221; global_colors_info=&#8221;{}&#8221;][\/et_pb_column][\/et_pb_row][\/et_pb_section]<\/p>\n","protected":false},"excerpt":{"rendered":"<p>Integral Coaching Training Integral Coaching Training is designed to develop skilled coaches who can support individuals and organizations in their growth and transformation. This program provides a comprehensive foundation in coaching techniques, combining psychological insights, communication skills, and practical tools to foster self-awareness, resilience, and sustainable change. Participants learn to approach coaching holistically, addressing both [&hellip;]<\/p>\n","protected":false},"author":2,"featured_media":0,"parent":0,"menu_order":0,"comment_status":"closed","ping_status":"closed","template":"","meta":{"_acf_changed":false,"_et_pb_use_builder":"on","_et_pb_old_content":"<p>[et_pb_section fb_built=\"1\" custom_padding_last_edited=\"on|desktop\" _builder_version=\"4.27.0\" _module_preset=\"default\" background_enable_color=\"off\" use_background_color_gradient=\"on\" background_color_gradient_stops=\"#f7f7f7 0%|#ffffff 100%\" custom_margin=\"0px||0px||false|false\" custom_padding=\"50px||30px||false|false\" custom_padding_tablet=\"20px||0px||false|false\" custom_padding_phone=\"10px||||false|false\" global_colors_info=\"{}\"][et_pb_row _builder_version=\"4.27.0\" _module_preset=\"default\" width=\"90%\" custom_padding=\"||32px|||\" global_colors_info=\"{}\"][et_pb_column type=\"4_4\" _builder_version=\"4.27.0\" _module_preset=\"default\" global_colors_info=\"{}\"][et_pb_text _builder_version=\"4.27.0\" _module_preset=\"default\" text_font=\"|300|||||||\" text_text_color=\"#333333\" text_font_size=\"22px\" text_letter_spacing=\"0.5px\" text_line_height=\"1.4em\" header_font_size=\"44px\" header_2_font_size=\"32px\" header_2_letter_spacing=\"-0.2px\" header_2_line_height=\"1.3em\" width=\"936px\" width_tablet=\"80%\" width_phone=\"94%\" width_last_edited=\"on|phone\" module_alignment=\"center\" custom_margin=\"||10px||false|false\" custom_margin_tablet=\"||38px||false|false\" custom_margin_phone=\"||-20px||false|false\" custom_margin_last_edited=\"on|phone\" text_font_size_tablet=\"18px\" text_font_size_phone=\"20px\" text_font_size_last_edited=\"on|phone\" header_2_font_size_tablet=\"30px\" header_2_font_size_phone=\"26px\" header_2_font_size_last_edited=\"on|phone\" locked=\"off\" global_colors_info=\"{}\" header_text_align=\"center\" header_2_text_align=\"center\"]<\/p><h1>Integral Coaching Training<\/h1><p>Integral Coaching Training, bireylerin ve organizasyonlar\u0131n b\u00fcy\u00fcme ve d\u00f6n\u00fc\u015f\u00fcm\u00fcn\u00fc destekleyebilecek yetenekli ko\u00e7lar geli\u015ftirmeyi ama\u00e7lar. Bu program, ko\u00e7luk tekniklerinde kapsaml\u0131 bir temel sunarak, kat\u0131l\u0131mc\u0131lara kendini fark\u0131ndal\u0131k, dayan\u0131kl\u0131l\u0131k ve s\u00fcrd\u00fcr\u00fclebilir de\u011fi\u015fim sa\u011flamak i\u00e7in psikolojik i\u00e7g\u00f6r\u00fcler, ileti\u015fim becerileri ve pratik ara\u00e7lar sunar. Kat\u0131l\u0131mc\u0131lar, ko\u00e7lu\u011fu, ki\u015fisel ve profesyonel geli\u015fimi etkileyen hem i\u00e7 hem de d\u0131\u015f fakt\u00f6rleri ele alarak b\u00fct\u00fcnsel bir yakla\u015f\u0131mla \u00f6\u011frenirler.<\/p><h2>The Integral Institute Neden Ko\u00e7luk E\u011fitimine \u00d6nem Veriyor?<\/h2><p>The Integral Institute, ko\u00e7lu\u011fu ki\u015fisel ve organizasyonel evrim i\u00e7in g\u00fc\u00e7l\u00fc bir kataliz\u00f6r olarak g\u00f6rd\u00fc\u011f\u00fc i\u00e7in ko\u00e7luk e\u011fitimine \u00f6nem vermektedir. Enstit\u00fc, ko\u00e7lar\u0131 di\u011ferlerine etkili bir \u015fekilde rehberlik edebilmeleri i\u00e7in bilgi ve becerilerle donatarak, empati, hesap verebilirlik ve s\u00fcrekli \u00f6\u011frenme k\u00fclt\u00fcr\u00fcn\u00fc te\u015fvik eder. Y\u00fcksek kaliteli ko\u00e7luk e\u011fitimine yat\u0131r\u0131m yapmak, ko\u00e7lar\u0131n, m\u00fc\u015fterilerinin \u00e7e\u015fitli ihtiya\u00e7lar\u0131n\u0131 kar\u015f\u0131lamaya haz\u0131rl\u0131kl\u0131 olmalar\u0131n\u0131 sa\u011flayarak, bireylerin ve ekiplerin geli\u015fip tam potansiyellerine ula\u015fabilecekleri ortamlar yarat\u0131r.<\/p><p>[\/et_pb_text][\/et_pb_column][\/et_pb_row][et_pb_row column_structure=\"1_3,1_3,1_3\" use_custom_gutter=\"on\" gutter_width=\"1\" make_equal=\"on\" custom_padding_last_edited=\"on|phone\" _builder_version=\"4.27.0\" _module_preset=\"default\" width=\"90%\" custom_margin=\"||||false|false\" custom_padding=\"0px||0px||false|false\" custom_padding_tablet=\"0px||0px||false|false\" custom_padding_phone=\"||0px||false|false\" global_colors_info=\"{}\"][et_pb_column type=\"1_3\" _builder_version=\"4.27.0\" _module_preset=\"default\" custom_padding=\"40px|50px|45px|50px|false|true\" custom_padding_tablet=\"40px|50px|40px|50px|true|true\" custom_padding_phone=\"|10px||10px|true|true\" custom_padding_last_edited=\"on|phone\" border_color_all=\"rgba(0,0,0,0.15)\" border_width_bottom=\"1px\" border_style_bottom=\"dotted\" border_width_bottom_tablet=\"1px\" border_width_bottom_phone=\"1px\" border_width_bottom_last_edited=\"on|tablet\" global_colors_info=\"{}\"][et_pb_blurb title=\"Integral Ko\u00e7luk E\u011fitimi Seviye 1\" image=\"https:\/\/d.theintegralinstitute.com\/wp-content\/uploads\/2024\/08\/Uzmanlik.webp\" alt=\"Uzman D\u00fczey Ko\u00e7luk\" image_icon_width=\"30%\" _builder_version=\"4.27.0\" _module_preset=\"default\" header_level=\"h2\" header_font=\"|600|||||||\" header_text_align=\"center\" header_font_size=\"24px\" header_letter_spacing=\"-0.2px\" header_line_height=\"1.2em\" body_text_align=\"center\" body_text_color=\"#444444\" body_font_size=\"18px\" body_letter_spacing=\"0.4px\" body_line_height=\"1.5em\" image_icon_custom_margin=\"||-18px||false|false\" transform_scale_linked=\"off\" transform_translate_linked=\"off\" animation=\"off\" link_option_url=\"https:\/\/theintegralinstitute.com\/kocluk\/egitim-seviye-1\/\" global_colors_info=\"{}\" transform_styles__hover_enabled=\"on|hover\" transform_scale__hover_enabled=\"on|hover\" transform_translate__hover_enabled=\"on|hover\" transform_rotate__hover_enabled=\"on|desktop\" transform_skew__hover_enabled=\"on|desktop\" transform_origin__hover_enabled=\"on|desktop\"]<\/p><p>D\u00f6n\u00fc\u015f\u00fcm i\u00e7in Temeller: Usta Ko\u00e7lar Yeti\u015ftirme.<\/p><p>[\/et_pb_blurb][\/et_pb_column][et_pb_column type=\"1_3\" _builder_version=\"4.27.0\" _module_preset=\"default\" custom_padding=\"40px|50px|45px|50px|false|true\" custom_padding_tablet=\"40px|50px|40px|50px|true|true\" custom_padding_phone=\"|10px||10px|true|true\" custom_padding_last_edited=\"on|phone\" border_color_all=\"rgba(0,0,0,0.15)\" border_width_right=\"1px\" border_style_right=\"dotted\" border_width_bottom=\"1px\" border_style_bottom=\"dotted\" border_width_left=\"1px\" border_style_left=\"dotted\" border_width_right_tablet=\"0px\" border_width_right_phone=\"0px\" border_width_right_last_edited=\"on|tablet\" border_width_left_tablet=\"0px\" border_width_left_phone=\"0px\" border_width_left_last_edited=\"on|tablet\" global_colors_info=\"{}\"][et_pb_blurb title=\"\u0130ntegral Ko\u00e7luk E\u011fitimi Seviye 2\" image=\"https:\/\/d.theintegralinstitute.com\/wp-content\/uploads\/2024\/08\/Uzmanlik.webp\" alt=\"Uzman D\u00fczey Ko\u00e7luk\" image_icon_width=\"30%\" _builder_version=\"4.27.0\" _module_preset=\"default\" header_level=\"h2\" header_font=\"|600|||||||\" header_text_align=\"center\" header_font_size=\"24px\" header_letter_spacing=\"-0.2px\" header_line_height=\"1.2em\" body_text_align=\"center\" body_text_color=\"#444444\" body_font_size=\"18px\" body_letter_spacing=\"0.4px\" body_line_height=\"1.5em\" image_icon_custom_margin=\"||-18px||false|false\" transform_scale_linked=\"off\" transform_translate_linked=\"off\" animation=\"off\" link_option_url=\"https:\/\/theintegralinstitute.com\/kocluk\/seviye-2\/\" global_colors_info=\"{}\" transform_styles__hover_enabled=\"on|hover\" transform_scale__hover_enabled=\"on|hover\" transform_translate__hover_enabled=\"on|hover\" transform_rotate__hover_enabled=\"on|desktop\" transform_skew__hover_enabled=\"on|desktop\" transform_origin__hover_enabled=\"on|desktop\"]<\/p><p>\u0130leri D\u00fczey Uzmanl\u0131k: Ko\u00e7lu\u011fu Sanatsal Zirvelere Ta\u015f\u0131ma.<\/p><p>[\/et_pb_blurb][\/et_pb_column][et_pb_column type=\"1_3\" _builder_version=\"4.27.0\" _module_preset=\"default\" custom_padding=\"40px|50px|45px|50px|false|true\" custom_padding_tablet=\"40px|50px|40px|50px|true|true\" custom_padding_phone=\"|10px||10px|true|true\" custom_padding_last_edited=\"on|phone\" border_color_all=\"rgba(0,0,0,0.15)\" border_width_bottom=\"1px\" border_style_bottom=\"dotted\" global_colors_info=\"{}\"][\/et_pb_column][\/et_pb_row][\/et_pb_section]<\/p>","_et_gb_content_width":"","rank_math_title":"","rank_math_description":"Integral coaching for transformational change. ICF MCC-certified coaches. Real outcomes: leadership clarity, team alignment, measurable growth. Learn how.","rank_math_focus_keyword":"","rank_math_facebook_title":"","rank_math_facebook_description":"","rank_math_twitter_use_facebook":"","rank_math_robots":[],"footnotes":""},"class_list":["post-102165","page","type-page","status-publish","hentry"],"acf":[],"_links":{"self":[{"href":"https:\/\/theintegralinstitute.com\/en\/wp-json\/wp\/v2\/pages\/102165","targetHints":{"allow":["GET"]}}],"collection":[{"href":"https:\/\/theintegralinstitute.com\/en\/wp-json\/wp\/v2\/pages"}],"about":[{"href":"https:\/\/theintegralinstitute.com\/en\/wp-json\/wp\/v2\/types\/page"}],"author":[{"embeddable":true,"href":"https:\/\/theintegralinstitute.com\/en\/wp-json\/wp\/v2\/users\/2"}],"replies":[{"embeddable":true,"href":"https:\/\/theintegralinstitute.com\/en\/wp-json\/wp\/v2\/comments?post=102165"}],"version-history":[{"count":0,"href":"https:\/\/theintegralinstitute.com\/en\/wp-json\/wp\/v2\/pages\/102165\/revisions"}],"wp:attachment":[{"href":"https:\/\/theintegralinstitute.com\/en\/wp-json\/wp\/v2\/media?parent=102165"}],"curies":[{"name":"wp","href":"https:\/\/api.w.org\/{rel}","templated":true}]}}